{"id":24,"date":"2019-07-01T10:39:26","date_gmt":"2019-07-01T07:39:26","guid":{"rendered":"http:\/\/www.metsanvaenmatkassa.fi\/?page_id=24"},"modified":"2023-05-18T17:26:09","modified_gmt":"2023-05-18T14:26:09","slug":"mita","status":"publish","type":"page","link":"https:\/\/metsanvaenmatkassa.fi\/index.php\/mita\/","title":{"rendered":"Palvelut"},"content":{"rendered":"\t\t<div data-elementor-type=\"wp-page\" data-elementor-id=\"24\" class=\"elementor elementor-24\" data-elementor-post-type=\"page\">\n\t\t\t\t\t\t<section class=\"elementor-section elementor-top-section elementor-element elementor-element-fb9e74d elementor-section-boxed elementor-section-height-default elementor-section-height-default\" data-id=\"fb9e74d\" data-element_type=\"section\" data-e-type=\"section\" data-settings=\"{&quot;background_background&quot;:&quot;classic&quot;}\">\n\t\t\t\t\t\t\t<div class=\"elementor-background-overlay\"><\/div>\n\t\t\t\t\t\t\t<div class=\"elementor-container elementor-column-gap-default\">\n\t\t\t\t\t<div class=\"elementor-column elementor-col-100 elementor-top-column elementor-element elementor-element-5412b3d\" data-id=\"5412b3d\" data-element_type=\"column\" data-e-type=\"column\">\n\t\t\t<div class=\"elementor-widget-wrap elementor-element-populated\">\n\t\t\t\t\t\t<div class=\"elementor-element elementor-element-f4b3a94 elementor-widget elementor-widget-text-editor\" data-id=\"f4b3a94\" data-element_type=\"widget\" data-e-type=\"widget\" data-widget_type=\"text-editor.default\">\n\t\t\t\t<div class=\"elementor-widget-container\">\n\t\t\t\t\t\t\t\t\t<p>\u00b4<\/p>\t\t\t\t\t\t\t\t<\/div>\n\t\t\t\t<\/div>\n\t\t\t\t\t<\/div>\n\t\t<\/div>\n\t\t\t\t\t<\/div>\n\t\t<\/section>\n\t\t\t\t<section class=\"elementor-section elementor-top-section elementor-element elementor-element-acffc72 elementor-section-boxed elementor-section-height-default elementor-section-height-default\" data-id=\"acffc72\" data-element_type=\"section\" data-e-type=\"section\" id=\"top\">\n\t\t\t\t\t\t<div class=\"elementor-container elementor-column-gap-default\">\n\t\t\t\t\t<div class=\"elementor-column elementor-col-100 elementor-top-column elementor-element elementor-element-d261d82\" data-id=\"d261d82\" data-element_type=\"column\" data-e-type=\"column\">\n\t\t\t<div class=\"elementor-widget-wrap elementor-element-populated\">\n\t\t\t\t\t\t<div class=\"elementor-element elementor-element-190852a elementor-widget elementor-widget-heading\" data-id=\"190852a\" data-element_type=\"widget\" data-e-type=\"widget\" data-widget_type=\"heading.default\">\n\t\t\t\t<div class=\"elementor-widget-container\">\n\t\t\t\t\t<h1 class=\"elementor-heading-title elementor-size-default\">Mit\u00e4 Mets\u00e4nv\u00e4en matkassa tarjoaa?<\/h1>\t\t\t\t<\/div>\n\t\t\t\t<\/div>\n\t\t\t\t<div class=\"elementor-element elementor-element-a767880 elementor-widget elementor-widget-text-editor\" data-id=\"a767880\" data-element_type=\"widget\" data-e-type=\"widget\" data-widget_type=\"text-editor.default\">\n\t\t\t\t<div class=\"elementor-widget-container\">\n\t\t\t\t\t\t\t\t\t<p class=\"p1\">Mets\u00e4nv\u00e4en matkassa tarjoaa Mets\u00e4ntaikaa \u2013 hyvinvointia ja el\u00e4myksi\u00e4 luonnosta, Mets\u00e4satuseikkailuja, valmennuksia, hyv\u00e4\u00e4 oloa, mielentaitoharjoituksia ja heng\u00e4hdyshetki\u00e4 luonnossa.<\/p>\t\t\t\t\t\t\t\t<\/div>\n\t\t\t\t<\/div>\n\t\t\t\t\t<\/div>\n\t\t<\/div>\n\t\t\t\t\t<\/div>\n\t\t<\/section>\n\t\t\t\t<section class=\"elementor-section elementor-top-section elementor-element elementor-element-5756ab9 elementor-section-boxed elementor-section-height-default elementor-section-height-default\" data-id=\"5756ab9\" data-element_type=\"section\" data-e-type=\"section\">\n\t\t\t\t\t\t<div class=\"elementor-container elementor-column-gap-default\">\n\t\t\t\t\t<div class=\"elementor-column elementor-col-100 elementor-top-column elementor-element elementor-element-37bba2d\" data-id=\"37bba2d\" data-element_type=\"column\" data-e-type=\"column\">\n\t\t\t<div class=\"elementor-widget-wrap elementor-element-populated\">\n\t\t\t\t\t\t<div class=\"elementor-element elementor-element-f1bcabb elementor-widget elementor-widget-heading\" data-id=\"f1bcabb\" data-element_type=\"widget\" data-e-type=\"widget\" data-widget_type=\"heading.default\">\n\t\t\t\t<div class=\"elementor-widget-container\">\n\t\t\t\t\t<h4 class=\"elementor-heading-title elementor-size-default\">Tutustu palveluihin:<\/h4>\t\t\t\t<\/div>\n\t\t\t\t<\/div>\n\t\t\t\t<div class=\"elementor-element elementor-element-8587356 elementor-grid-3 elementor-grid-tablet-2 elementor-grid-mobile-1 elementor-posts--thumbnail-top elementor-widget elementor-widget-posts\" data-id=\"8587356\" data-element_type=\"widget\" data-e-type=\"widget\" data-settings=\"{&quot;classic_columns&quot;:&quot;3&quot;,&quot;classic_columns_tablet&quot;:&quot;2&quot;,&quot;classic_columns_mobile&quot;:&quot;1&quot;,&quot;classic_row_gap&quot;:{&quot;unit&quot;:&quot;px&quot;,&quot;size&quot;:35,&quot;sizes&quot;:[]},&quot;classic_row_gap_tablet&quot;:{&quot;unit&quot;:&quot;px&quot;,&quot;size&quot;:&quot;&quot;,&quot;sizes&quot;:[]},&quot;classic_row_gap_mobile&quot;:{&quot;unit&quot;:&quot;px&quot;,&quot;size&quot;:&quot;&quot;,&quot;sizes&quot;:[]}}\" data-widget_type=\"posts.classic\">\n\t\t\t\t<div class=\"elementor-widget-container\">\n\t\t\t\t\t\t\t<div class=\"elementor-posts-container elementor-posts elementor-posts--skin-classic elementor-grid\" role=\"list\">\n\t\t\t\t<article class=\"elementor-post elementor-grid-item post-637 page type-page status-publish has-post-thumbnail hentry\" role=\"listitem\">\n\t\t\t\t<a class=\"elementor-post__thumbnail__link\" href=\"https:\/\/metsanvaenmatkassa.fi\/index.php\/mita\/metsaelamyksia\/\" tabindex=\"-1\" >\n\t\t\t<div class=\"elementor-post__thumbnail\"><img fetchpriority=\"high\" decoding=\"async\" width=\"300\" height=\"200\" src=\"https:\/\/metsanvaenmatkassa.fi\/wp-content\/uploads\/2021\/10\/metsa\u0308n-taikaa-300x200.jpg\" class=\"attachment-medium size-medium wp-image-999\" alt=\"\" srcset=\"https:\/\/metsanvaenmatkassa.fi\/wp-content\/uploads\/2021\/10\/metsa\u0308n-taikaa-300x200.jpg 300w, https:\/\/metsanvaenmatkassa.fi\/wp-content\/uploads\/2021\/10\/metsa\u0308n-taikaa-1024x683.jpg 1024w, https:\/\/metsanvaenmatkassa.fi\/wp-content\/uploads\/2021\/10\/metsa\u0308n-taikaa-768x512.jpg 768w, https:\/\/metsanvaenmatkassa.fi\/wp-content\/uploads\/2021\/10\/metsa\u0308n-taikaa.jpg 1357w\" sizes=\"(max-width: 300px) 100vw, 300px\" \/><\/div>\n\t\t<\/a>\n\t\t\t\t<div class=\"elementor-post__text\">\n\t\t\t\t<h3 class=\"elementor-post__title\">\n\t\t\t<a href=\"https:\/\/metsanvaenmatkassa.fi\/index.php\/mita\/metsaelamyksia\/\" >\n\t\t\t\tMets\u00e4el\u00e4myksi\u00e4\t\t\t<\/a>\n\t\t<\/h3>\n\t\t\t\t<div class=\"elementor-post__excerpt\">\n\t\t\t<p>Mets\u00e4nv\u00e4en matkassa mets\u00e4el\u00e4mykset sopivat aivan kaikille. Mets\u00e4ntaikaa ja Mets\u00e4satuseikkailut r\u00e4\u00e4t\u00e4l\u00f6id\u00e4\u00e4n juuri sinun tarpeisiisi. Ker\u00e4\u00e4 kasaan pieni porukka, ty\u00f6paikan lapset, oma perhe, yll\u00e4t\u00e4 yst\u00e4v\u00e4t, ty\u00f6kaverit tai l\u00e4hde rakkaan kanssa ohjatulle mets\u00e4retkelle. <\/p>\n\t\t<\/div>\n\t\t\n\t\t<a class=\"elementor-post__read-more\" href=\"https:\/\/metsanvaenmatkassa.fi\/index.php\/mita\/metsaelamyksia\/\" aria-label=\"Read more about Mets\u00e4el\u00e4myksi\u00e4\" tabindex=\"-1\" >\n\t\t\tLUE LIS\u00c4\u00c4 \u00bb\t\t<\/a>\n\n\t\t\t\t<\/div>\n\t\t\t\t<\/article>\n\t\t\t\t<article class=\"elementor-post elementor-grid-item post-946 page type-page status-publish has-post-thumbnail hentry\" role=\"listitem\">\n\t\t\t\t<a class=\"elementor-post__thumbnail__link\" href=\"https:\/\/metsanvaenmatkassa.fi\/index.php\/mita\/valmennuksia\/\" tabindex=\"-1\" >\n\t\t\t<div class=\"elementor-post__thumbnail\"><img decoding=\"async\" width=\"300\" height=\"195\" src=\"https:\/\/metsanvaenmatkassa.fi\/wp-content\/uploads\/2021\/10\/metsanvaen-matkassa-08-1200x780-1-300x195.jpg\" class=\"attachment-medium size-medium wp-image-989\" alt=\"\" srcset=\"https:\/\/metsanvaenmatkassa.fi\/wp-content\/uploads\/2021\/10\/metsanvaen-matkassa-08-1200x780-1-300x195.jpg 300w, https:\/\/metsanvaenmatkassa.fi\/wp-content\/uploads\/2021\/10\/metsanvaen-matkassa-08-1200x780-1-1024x666.jpg 1024w, https:\/\/metsanvaenmatkassa.fi\/wp-content\/uploads\/2021\/10\/metsanvaen-matkassa-08-1200x780-1-768x499.jpg 768w, https:\/\/metsanvaenmatkassa.fi\/wp-content\/uploads\/2021\/10\/metsanvaen-matkassa-08-1200x780-1.jpg 1200w\" sizes=\"(max-width: 300px) 100vw, 300px\" \/><\/div>\n\t\t<\/a>\n\t\t\t\t<div class=\"elementor-post__text\">\n\t\t\t\t<h3 class=\"elementor-post__title\">\n\t\t\t<a href=\"https:\/\/metsanvaenmatkassa.fi\/index.php\/mita\/valmennuksia\/\" >\n\t\t\t\tValmennuksia\t\t\t<\/a>\n\t\t<\/h3>\n\t\t\t\t<div class=\"elementor-post__excerpt\">\n\t\t\t<p>Mets\u00e4nv\u00e4en matkassa mets\u00e4npolut ja piirit ovat ratkaisukeskeisi\u00e4 yksil\u00f6-, perhe- ja pienryhm\u00e4valmennuksia. Valmennukset toteutetaan luontoymp\u00e4rist\u00f6ss\u00e4 luonnon hyvinvointivaikutuksia hy\u00f6dynt\u00e4en. Luonto tukee ja kannattelee sinua kaikissa tilanteissa. Valmennukset ovat 100% luottamuksellisia. <\/p>\n\t\t<\/div>\n\t\t\n\t\t<a class=\"elementor-post__read-more\" href=\"https:\/\/metsanvaenmatkassa.fi\/index.php\/mita\/valmennuksia\/\" aria-label=\"Read more about Valmennuksia\" tabindex=\"-1\" >\n\t\t\tLUE LIS\u00c4\u00c4 \u00bb\t\t<\/a>\n\n\t\t\t\t<\/div>\n\t\t\t\t<\/article>\n\t\t\t\t<article class=\"elementor-post elementor-grid-item post-963 page type-page status-publish has-post-thumbnail hentry\" role=\"listitem\">\n\t\t\t\t<a class=\"elementor-post__thumbnail__link\" href=\"https:\/\/metsanvaenmatkassa.fi\/index.php\/mita\/hyvinvointia\/\" tabindex=\"-1\" >\n\t\t\t<div class=\"elementor-post__thumbnail\"><img decoding=\"async\" width=\"300\" height=\"169\" src=\"https:\/\/metsanvaenmatkassa.fi\/wp-content\/uploads\/2019\/09\/PHOTO-2019-09-16-20-40-43-2-e1568740691564-300x169.jpg\" class=\"attachment-medium size-medium wp-image-226\" alt=\"\" srcset=\"https:\/\/metsanvaenmatkassa.fi\/wp-content\/uploads\/2019\/09\/PHOTO-2019-09-16-20-40-43-2-e1568740691564-300x169.jpg 300w, https:\/\/metsanvaenmatkassa.fi\/wp-content\/uploads\/2019\/09\/PHOTO-2019-09-16-20-40-43-2-e1568740691564-768x432.jpg 768w, https:\/\/metsanvaenmatkassa.fi\/wp-content\/uploads\/2019\/09\/PHOTO-2019-09-16-20-40-43-2-e1568740691564-1024x576.jpg 1024w, https:\/\/metsanvaenmatkassa.fi\/wp-content\/uploads\/2019\/09\/PHOTO-2019-09-16-20-40-43-2-e1568740691564-600x338.jpg 600w, https:\/\/metsanvaenmatkassa.fi\/wp-content\/uploads\/2019\/09\/PHOTO-2019-09-16-20-40-43-2-e1568740691564.jpg 1200w\" sizes=\"(max-width: 300px) 100vw, 300px\" \/><\/div>\n\t\t<\/a>\n\t\t\t\t<div class=\"elementor-post__text\">\n\t\t\t\t<h3 class=\"elementor-post__title\">\n\t\t\t<a href=\"https:\/\/metsanvaenmatkassa.fi\/index.php\/mita\/hyvinvointia\/\" >\n\t\t\t\tHyvinvointia\t\t\t<\/a>\n\t\t<\/h3>\n\t\t\t\t<div class=\"elementor-post__excerpt\">\n\t\t\t<p>Tarvitsisitko pienen heng\u00e4hdyshetken arjen keskelle? Ota omaa aikaa ja tule Mets\u00e4nv\u00e4en matkassa hyvinvointi-iltaan. Illan sis\u00e4lt\u00f6n\u00e4 voi olla ripaus Mets\u00e4mielt\u00e4, luontojoogaa, k\u00e4dentaitoja, luontoyhteysharjoitteita, hieman valmennusta, tunnetaitoja, rentouttavaa mindfulnessia tai vaikka hemmotteleva jalkakylpy. <\/p>\n\t\t<\/div>\n\t\t\n\t\t<a class=\"elementor-post__read-more\" href=\"https:\/\/metsanvaenmatkassa.fi\/index.php\/mita\/hyvinvointia\/\" aria-label=\"Read more about Hyvinvointia\" tabindex=\"-1\" >\n\t\t\tLUE LIS\u00c4\u00c4 \u00bb\t\t<\/a>\n\n\t\t\t\t<\/div>\n\t\t\t\t<\/article>\n\t\t\t\t<\/div>\n\t\t\n\t\t\t\t\t\t<\/div>\n\t\t\t\t<\/div>\n\t\t\t\t\t<\/div>\n\t\t<\/div>\n\t\t\t\t\t<\/div>\n\t\t<\/section>\n\t\t\t\t<\/div>\n\t\t","protected":false},"excerpt":{"rendered":"<p>\u00b4 Mit\u00e4 Mets\u00e4nv\u00e4en matkassa tarjoaa? Mets\u00e4nv\u00e4en matkassa tarjoaa Mets\u00e4ntaikaa \u2013 hyvinvointia ja el\u00e4myksi\u00e4 luonnosta, Mets\u00e4satuseikkailuja, valmennuksia, hyv\u00e4\u00e4 oloa, mielentaitoharjoituksia ja heng\u00e4hdyshetki\u00e4 luonnossa. Tutustu palveluihin:<\/p>\n","protected":false},"author":1,"featured_media":127,"parent":0,"menu_order":0,"comment_status":"closed","ping_status":"closed","template":"","meta":{"site-sidebar-layout":"no-sidebar","site-content-layout":"page-builder","ast-site-content-layout":"default","site-content-style":"default","site-sidebar-style":"default","ast-global-header-display":"","ast-banner-title-visibility":"","ast-main-header-display":"","ast-hfb-above-header-display":"","ast-hfb-below-header-display":"","ast-hfb-mobile-header-display":"","site-post-title":"disabled","ast-breadcrumbs-content":"","ast-featured-img":"disabled","footer-sml-layout":"","ast-disable-related-posts":"","theme-transparent-header-meta":"default","adv-header-id-meta":"","stick-header-meta":"","header-above-stick-meta":"","header-main-stick-meta":"","header-below-stick-meta":"","astra-migrate-meta-layouts":"default","ast-page-background-enabled":"default","ast-page-background-meta":{"desktop":{"background-color":"","background-image":"","background-repeat":"repeat","background-position":"center center","background-size":"auto","background-attachment":"scroll","background-type":"","background-media":"","overlay-type":"","overlay-color":"","overlay-opacity":"","overlay-gradient":""},"tablet":{"background-color":"","background-image":"","background-repeat":"repeat","background-position":"center center","background-size":"auto","background-attachment":"scroll","background-type":"","background-media":"","overlay-type":"","overlay-color":"","overlay-opacity":"","overlay-gradient":""},"mobile":{"background-color":"","background-image":"","background-repeat":"repeat","background-position":"center center","background-size":"auto","background-attachment":"scroll","background-type":"","background-media":"","overlay-type":"","overlay-color":"","overlay-opacity":"","overlay-gradient":""}},"ast-content-background-meta":{"desktop":{"background-color":"var(--ast-global-color-5)","background-image":"","background-repeat":"repeat","background-position":"center center","background-size":"auto","background-attachment":"scroll","background-type":"","background-media":"","overlay-type":"","overlay-color":"","overlay-opacity":"","overlay-gradient":""},"tablet":{"background-color":"var(--ast-global-color-5)","background-image":"","background-repeat":"repeat","background-position":"center center","background-size":"auto","background-attachment":"scroll","background-type":"","background-media":"","overlay-type":"","overlay-color":"","overlay-opacity":"","overlay-gradient":""},"mobile":{"background-color":"var(--ast-global-color-5)","background-image":"","background-repeat":"repeat","background-position":"center center","background-size":"auto","background-attachment":"scroll","background-type":"","background-media":"","overlay-type":"","overlay-color":"","overlay-opacity":"","overlay-gradient":""}},"footnotes":""},"class_list":["post-24","page","type-page","status-publish","has-post-thumbnail","hentry"],"yoast_head":"<!-- This site is optimized with the Yoast SEO plugin v27.5 - https:\/\/yoast.com\/product\/yoast-seo-wordpress\/ -->\n<title>Palvelut - Mets&auml;nv&auml;en matkassa<\/title>\n<meta name=\"description\" content=\"Mets\u00e4mieli-retki\u00e4 ja harjoitteita, luontoseikkailuja perhetapahtumiin sek\u00e4 toiminnallisia luonto- ja ymp\u00e4rist\u00f6koulutuksia lasten kanssa ty\u00f6skenteleville.\" \/>\n<meta name=\"robots\" content=\"index, follow, max-snippet:-1, max-image-preview:large, max-video-preview:-1\" \/>\n<link rel=\"canonical\" href=\"https:\/\/metsanvaenmatkassa.fi\/index.php\/mita\/\" \/>\n<meta name=\"twitter:card\" content=\"summary_large_image\" \/>\n<meta name=\"twitter:title\" content=\"Palvelut - Mets&auml;nv&auml;en matkassa\" \/>\n<meta name=\"twitter:description\" content=\"Mets\u00e4mieli-retki\u00e4 ja harjoitteita, luontoseikkailuja perhetapahtumiin sek\u00e4 toiminnallisia luonto- ja ymp\u00e4rist\u00f6koulutuksia lasten kanssa ty\u00f6skenteleville.\" \/>\n<meta name=\"twitter:image\" content=\"https:\/\/metsanvaenmatkassa.fi\/wp-content\/uploads\/2019\/09\/Sateenkaaren-v\u00e4rit-1-1-e1568712819746.jpg\" \/>\n<meta name=\"twitter:label1\" content=\"Arvioitu lukuaika\" \/>\n\t<meta name=\"twitter:data1\" content=\"2 minuuttia\" \/>\n<script type=\"application\/ld+json\" class=\"yoast-schema-graph\">{\"@context\":\"https:\\\/\\\/schema.org\",\"@graph\":[{\"@type\":\"WebPage\",\"@id\":\"https:\\\/\\\/metsanvaenmatkassa.fi\\\/index.php\\\/mita\\\/\",\"url\":\"https:\\\/\\\/metsanvaenmatkassa.fi\\\/index.php\\\/mita\\\/\",\"name\":\"Palvelut - Mets&auml;nv&auml;en matkassa\",\"isPartOf\":{\"@id\":\"https:\\\/\\\/metsanvaenmatkassa.fi\\\/#website\"},\"primaryImageOfPage\":{\"@id\":\"https:\\\/\\\/metsanvaenmatkassa.fi\\\/index.php\\\/mita\\\/#primaryimage\"},\"image\":{\"@id\":\"https:\\\/\\\/metsanvaenmatkassa.fi\\\/index.php\\\/mita\\\/#primaryimage\"},\"thumbnailUrl\":\"https:\\\/\\\/metsanvaenmatkassa.fi\\\/wp-content\\\/uploads\\\/2019\\\/09\\\/Sateenkaaren-v\u00e4rit-1-1-e1568712819746.jpg\",\"datePublished\":\"2019-07-01T07:39:26+00:00\",\"dateModified\":\"2023-05-18T14:26:09+00:00\",\"description\":\"Mets\u00e4mieli-retki\u00e4 ja harjoitteita, luontoseikkailuja perhetapahtumiin sek\u00e4 toiminnallisia luonto- ja ymp\u00e4rist\u00f6koulutuksia lasten kanssa ty\u00f6skenteleville.\",\"breadcrumb\":{\"@id\":\"https:\\\/\\\/metsanvaenmatkassa.fi\\\/index.php\\\/mita\\\/#breadcrumb\"},\"inLanguage\":\"fi\",\"potentialAction\":[{\"@type\":\"ReadAction\",\"target\":[\"https:\\\/\\\/metsanvaenmatkassa.fi\\\/index.php\\\/mita\\\/\"]}]},{\"@type\":\"ImageObject\",\"inLanguage\":\"fi\",\"@id\":\"https:\\\/\\\/metsanvaenmatkassa.fi\\\/index.php\\\/mita\\\/#primaryimage\",\"url\":\"https:\\\/\\\/metsanvaenmatkassa.fi\\\/wp-content\\\/uploads\\\/2019\\\/09\\\/Sateenkaaren-v\u00e4rit-1-1-e1568712819746.jpg\",\"contentUrl\":\"https:\\\/\\\/metsanvaenmatkassa.fi\\\/wp-content\\\/uploads\\\/2019\\\/09\\\/Sateenkaaren-v\u00e4rit-1-1-e1568712819746.jpg\",\"width\":1200,\"height\":675},{\"@type\":\"BreadcrumbList\",\"@id\":\"https:\\\/\\\/metsanvaenmatkassa.fi\\\/index.php\\\/mita\\\/#breadcrumb\",\"itemListElement\":[{\"@type\":\"ListItem\",\"position\":1,\"name\":\"Home\",\"item\":\"https:\\\/\\\/metsanvaenmatkassa.fi\\\/\"},{\"@type\":\"ListItem\",\"position\":2,\"name\":\"Palvelut\"}]},{\"@type\":\"WebSite\",\"@id\":\"https:\\\/\\\/metsanvaenmatkassa.fi\\\/#website\",\"url\":\"https:\\\/\\\/metsanvaenmatkassa.fi\\\/\",\"name\":\"Mets&auml;nv&auml;en matkassa\",\"description\":\"Toiminnallista luonto- ja ymp&auml;rist&ouml;kasvatusta\",\"publisher\":{\"@id\":\"https:\\\/\\\/metsanvaenmatkassa.fi\\\/#organization\"},\"potentialAction\":[{\"@type\":\"SearchAction\",\"target\":{\"@type\":\"EntryPoint\",\"urlTemplate\":\"https:\\\/\\\/metsanvaenmatkassa.fi\\\/?s={search_term_string}\"},\"query-input\":{\"@type\":\"PropertyValueSpecification\",\"valueRequired\":true,\"valueName\":\"search_term_string\"}}],\"inLanguage\":\"fi\"},{\"@type\":\"Organization\",\"@id\":\"https:\\\/\\\/metsanvaenmatkassa.fi\\\/#organization\",\"name\":\"Mets&auml;nv&auml;en matkassa\",\"url\":\"https:\\\/\\\/metsanvaenmatkassa.fi\\\/\",\"logo\":{\"@type\":\"ImageObject\",\"inLanguage\":\"fi\",\"@id\":\"https:\\\/\\\/metsanvaenmatkassa.fi\\\/#\\\/schema\\\/logo\\\/image\\\/\",\"url\":\"https:\\\/\\\/metsanvaenmatkassa.fi\\\/wp-content\\\/uploads\\\/2019\\\/09\\\/cropped-logo.png\",\"contentUrl\":\"https:\\\/\\\/metsanvaenmatkassa.fi\\\/wp-content\\\/uploads\\\/2019\\\/09\\\/cropped-logo.png\",\"width\":800,\"height\":352,\"caption\":\"Mets&auml;nv&auml;en matkassa\"},\"image\":{\"@id\":\"https:\\\/\\\/metsanvaenmatkassa.fi\\\/#\\\/schema\\\/logo\\\/image\\\/\"}}]}<\/script>\n<!-- \/ Yoast SEO plugin. -->","yoast_head_json":{"title":"Palvelut - Mets&auml;nv&auml;en matkassa","description":"Mets\u00e4mieli-retki\u00e4 ja harjoitteita, luontoseikkailuja perhetapahtumiin sek\u00e4 toiminnallisia luonto- ja ymp\u00e4rist\u00f6koulutuksia lasten kanssa ty\u00f6skenteleville.","robots":{"index":"index","follow":"follow","max-snippet":"max-snippet:-1","max-image-preview":"max-image-preview:large","max-video-preview":"max-video-preview:-1"},"canonical":"https:\/\/metsanvaenmatkassa.fi\/index.php\/mita\/","twitter_card":"summary_large_image","twitter_title":"Palvelut - Mets&auml;nv&auml;en matkassa","twitter_description":"Mets\u00e4mieli-retki\u00e4 ja harjoitteita, luontoseikkailuja perhetapahtumiin sek\u00e4 toiminnallisia luonto- ja ymp\u00e4rist\u00f6koulutuksia lasten kanssa ty\u00f6skenteleville.","twitter_image":"https:\/\/metsanvaenmatkassa.fi\/wp-content\/uploads\/2019\/09\/Sateenkaaren-v\u00e4rit-1-1-e1568712819746.jpg","twitter_misc":{"Arvioitu lukuaika":"2 minuuttia"},"schema":{"@context":"https:\/\/schema.org","@graph":[{"@type":"WebPage","@id":"https:\/\/metsanvaenmatkassa.fi\/index.php\/mita\/","url":"https:\/\/metsanvaenmatkassa.fi\/index.php\/mita\/","name":"Palvelut - Mets&auml;nv&auml;en matkassa","isPartOf":{"@id":"https:\/\/metsanvaenmatkassa.fi\/#website"},"primaryImageOfPage":{"@id":"https:\/\/metsanvaenmatkassa.fi\/index.php\/mita\/#primaryimage"},"image":{"@id":"https:\/\/metsanvaenmatkassa.fi\/index.php\/mita\/#primaryimage"},"thumbnailUrl":"https:\/\/metsanvaenmatkassa.fi\/wp-content\/uploads\/2019\/09\/Sateenkaaren-v\u00e4rit-1-1-e1568712819746.jpg","datePublished":"2019-07-01T07:39:26+00:00","dateModified":"2023-05-18T14:26:09+00:00","description":"Mets\u00e4mieli-retki\u00e4 ja harjoitteita, luontoseikkailuja perhetapahtumiin sek\u00e4 toiminnallisia luonto- ja ymp\u00e4rist\u00f6koulutuksia lasten kanssa ty\u00f6skenteleville.","breadcrumb":{"@id":"https:\/\/metsanvaenmatkassa.fi\/index.php\/mita\/#breadcrumb"},"inLanguage":"fi","potentialAction":[{"@type":"ReadAction","target":["https:\/\/metsanvaenmatkassa.fi\/index.php\/mita\/"]}]},{"@type":"ImageObject","inLanguage":"fi","@id":"https:\/\/metsanvaenmatkassa.fi\/index.php\/mita\/#primaryimage","url":"https:\/\/metsanvaenmatkassa.fi\/wp-content\/uploads\/2019\/09\/Sateenkaaren-v\u00e4rit-1-1-e1568712819746.jpg","contentUrl":"https:\/\/metsanvaenmatkassa.fi\/wp-content\/uploads\/2019\/09\/Sateenkaaren-v\u00e4rit-1-1-e1568712819746.jpg","width":1200,"height":675},{"@type":"BreadcrumbList","@id":"https:\/\/metsanvaenmatkassa.fi\/index.php\/mita\/#breadcrumb","itemListElement":[{"@type":"ListItem","position":1,"name":"Home","item":"https:\/\/metsanvaenmatkassa.fi\/"},{"@type":"ListItem","position":2,"name":"Palvelut"}]},{"@type":"WebSite","@id":"https:\/\/metsanvaenmatkassa.fi\/#website","url":"https:\/\/metsanvaenmatkassa.fi\/","name":"Mets&auml;nv&auml;en matkassa","description":"Toiminnallista luonto- ja ymp&auml;rist&ouml;kasvatusta","publisher":{"@id":"https:\/\/metsanvaenmatkassa.fi\/#organization"},"potentialAction":[{"@type":"SearchAction","target":{"@type":"EntryPoint","urlTemplate":"https:\/\/metsanvaenmatkassa.fi\/?s={search_term_string}"},"query-input":{"@type":"PropertyValueSpecification","valueRequired":true,"valueName":"search_term_string"}}],"inLanguage":"fi"},{"@type":"Organization","@id":"https:\/\/metsanvaenmatkassa.fi\/#organization","name":"Mets&auml;nv&auml;en matkassa","url":"https:\/\/metsanvaenmatkassa.fi\/","logo":{"@type":"ImageObject","inLanguage":"fi","@id":"https:\/\/metsanvaenmatkassa.fi\/#\/schema\/logo\/image\/","url":"https:\/\/metsanvaenmatkassa.fi\/wp-content\/uploads\/2019\/09\/cropped-logo.png","contentUrl":"https:\/\/metsanvaenmatkassa.fi\/wp-content\/uploads\/2019\/09\/cropped-logo.png","width":800,"height":352,"caption":"Mets&auml;nv&auml;en matkassa"},"image":{"@id":"https:\/\/metsanvaenmatkassa.fi\/#\/schema\/logo\/image\/"}}]}},"_links":{"self":[{"href":"https:\/\/metsanvaenmatkassa.fi\/index.php\/wp-json\/wp\/v2\/pages\/24","targetHints":{"allow":["GET"]}}],"collection":[{"href":"https:\/\/metsanvaenmatkassa.fi\/index.php\/wp-json\/wp\/v2\/pages"}],"about":[{"href":"https:\/\/metsanvaenmatkassa.fi\/index.php\/wp-json\/wp\/v2\/types\/page"}],"author":[{"embeddable":true,"href":"https:\/\/metsanvaenmatkassa.fi\/index.php\/wp-json\/wp\/v2\/users\/1"}],"replies":[{"embeddable":true,"href":"https:\/\/metsanvaenmatkassa.fi\/index.php\/wp-json\/wp\/v2\/comments?post=24"}],"version-history":[{"count":75,"href":"https:\/\/metsanvaenmatkassa.fi\/index.php\/wp-json\/wp\/v2\/pages\/24\/revisions"}],"predecessor-version":[{"id":1381,"href":"https:\/\/metsanvaenmatkassa.fi\/index.php\/wp-json\/wp\/v2\/pages\/24\/revisions\/1381"}],"wp:featuredmedia":[{"embeddable":true,"href":"https:\/\/metsanvaenmatkassa.fi\/index.php\/wp-json\/wp\/v2\/media\/127"}],"wp:attachment":[{"href":"https:\/\/metsanvaenmatkassa.fi\/index.php\/wp-json\/wp\/v2\/media?parent=24"}],"curies":[{"name":"wp","href":"https:\/\/api.w.org\/{rel}","templated":true}]}}